{"id":89,"date":"2020-03-04T13:22:51","date_gmt":"2020-03-04T13:22:51","guid":{"rendered":"https:\/\/anaimm.com\/?page_id=89"},"modified":"2024-07-29T21:28:49","modified_gmt":"2024-07-29T21:28:49","slug":"immune-system","status":"publish","type":"page","link":"https:\/\/anaimm.com\/","title":{"rendered":"The science of living better"},"content":{"rendered":"\t\t<div data-elementor-type=\"wp-post\" data-elementor-id=\"89\" class=\"elementor elementor-89\">\n\t\t\t\t\t\t<section class=\"elementor-section elementor-top-section elementor-element elementor-element-25faeee3 elementor-section-content-top elementor-section-stretched elementor-section-boxed elementor-section-height-default elementor-section-height-default\" data-id=\"25faeee3\" data-element_type=\"section\" data-e-type=\"section\" data-settings=\"{&quot;background_background&quot;:&quot;video&quot;,&quot;background_video_link&quot;:&quot;https:\\\/\\\/youtu.be\\\/R-523IWcCc0&quot;,&quot;background_play_on_mobile&quot;:&quot;yes&quot;,&quot;stretch_section&quot;:&quot;section-stretched&quot;}\">\n\t\t\t\t\t\t\t\t<div class=\"elementor-background-video-container\">\n\t\t\t\t\t\t\t\t\t\t\t\t\t<div class=\"elementor-background-video-embed\" role=\"presentation\"><\/div>\n\t\t\t\t\t\t\t\t\t\t\t\t<\/div>\n\t\t\t\t\t\t\t\t\t<div class=\"elementor-background-overlay\"><\/div>\n\t\t\t\t\t\t\t<div class=\"elementor-container elementor-column-gap-default\">\n\t\t\t\t\t<div class=\"elementor-column elementor-col-100 elementor-top-column elementor-element elementor-element-37140579\" data-id=\"37140579\" data-element_type=\"column\" data-e-type=\"column\">\n\t\t\t<div class=\"elementor-widget-wrap elementor-element-populated\">\n\t\t\t\t\t\t<div class=\"elementor-element elementor-element-498dd02a elementor-widget-mobile__width-auto elementor-hidden-phone elementor-widget elementor-widget-heading\" data-id=\"498dd02a\" data-element_type=\"widget\" data-e-type=\"widget\" data-widget_type=\"heading.default\">\n\t\t\t\t<div class=\"elementor-widget-container\">\n\t\t\t\t\t<h5 class=\"elementor-heading-title elementor-size-default\"><a href=\"https:\/\/www.immunotec.com\/en-US\/ca418027\/sell-with-us\">Descubre immunotec<\/a><\/h5>\t\t\t\t<\/div>\n\t\t\t\t<\/div>\n\t\t\t\t<div class=\"elementor-element elementor-element-783f00d elementor-widget-mobile__width-auto elementor-hidden-phone elementor-widget elementor-widget-heading\" data-id=\"783f00d\" data-element_type=\"widget\" data-e-type=\"widget\" data-widget_type=\"heading.default\">\n\t\t\t\t<div class=\"elementor-widget-container\">\n\t\t\t\t\t<h6 class=\"elementor-heading-title elementor-size-default\"><a href=\"https:\/\/www.immunotec.com\/en-US\/ca418027\/sell-with-us\">Discovery immunotec<\/a><\/h6>\t\t\t\t<\/div>\n\t\t\t\t<\/div>\n\t\t\t\t<section class=\"elementor-section elementor-inner-section elementor-element elementor-element-1cf94e6c elementor-section-height-min-height elementor-section-content-top elementor-section-boxed elementor-section-height-default\" data-id=\"1cf94e6c\" data-element_type=\"section\" data-e-type=\"section\" data-settings=\"{&quot;background_background&quot;:&quot;none&quot;}\">\n\t\t\t\t\t\t<div class=\"elementor-container elementor-column-gap-no\">\n\t\t\t\t\t<div class=\"elementor-column elementor-col-100 elementor-inner-column elementor-element elementor-element-150d7dd7\" data-id=\"150d7dd7\" data-element_type=\"column\" data-e-type=\"column\" data-settings=\"{&quot;background_background&quot;:&quot;gradient&quot;}\">\n\t\t\t<div class=\"elementor-widget-wrap elementor-element-populated\">\n\t\t\t\t\t\t<div class=\"elementor-element elementor-element-62a2c0a elementor-widget elementor-widget-text-editor\" data-id=\"62a2c0a\" data-element_type=\"widget\" data-e-type=\"widget\" data-widget_type=\"text-editor.default\">\n\t\t\t\t<div class=\"elementor-widget-container\">\n\t\t\t\t\t\t\t\t\t<p><a href=\"https:\/\/www.immunotec.com\/en-US\/ca418027\/products\/categories\/daily-wellness\">Health, wellness, fitness, energy<\/a><\/p><p><a href=\"http:\/\/immunotec.com\/ca418027\">\u201cImmunocal es una fuente natural de ciste\u00edna, precursora<\/a><br \/><a href=\"https:\/\/www.immunotec.com\/ca418027\/products\/paquetes-de-salud-del-cliente\">de glutati\u00f3n, para el mantenimiento de un sistema<\/a><br \/>inmunol\u00f3gico fuerte.\u201d*<br \/>Declaraci\u00f3n aprobada por Health Canada<\/p>\t\t\t\t\t\t\t\t<\/div>\n\t\t\t\t<\/div>\n\t\t\t\t<div class=\"elementor-element elementor-element-5c580ac6 elementor-widget elementor-widget-heading\" data-id=\"5c580ac6\" data-element_type=\"widget\" data-e-type=\"widget\" data-widget_type=\"heading.default\">\n\t\t\t\t<div class=\"elementor-widget-container\">\n\t\t\t\t\t<h5 class=\"elementor-heading-title elementor-size-default\"><a href=\"https:\/\/www.immunotec.com\/en-US\/ca418027\/sell-with-us\" target=\"_blank\">Join Immunotec <\/a><\/h5>\t\t\t\t<\/div>\n\t\t\t\t<\/div>\n\t\t\t\t<div class=\"elementor-element elementor-element-13d85851 elementor-widget elementor-widget-text-editor\" data-id=\"13d85851\" data-element_type=\"widget\" data-e-type=\"widget\" data-widget_type=\"text-editor.default\">\n\t\t\t\t<div class=\"elementor-widget-container\">\n\t\t\t\t\t\t\t\t\t<p><a href=\"https:\/\/www.immunotec.com\/en-US\/ca418027\/products\/categories\/immune-support\"><img fetchpriority=\"high\" decoding=\"async\" class=\"alignnone size-medium wp-image-6\" src=\"https:\/\/anaimm.com\/wp-content\/uploads\/2020\/03\/15Segundos-300x169.gif\" alt=\"immunotec.com\/ca418027\" width=\"300\" height=\"169\" srcset=\"https:\/\/anaimm.com\/wp-content\/uploads\/2020\/03\/15Segundos-300x169.gif 300w, https:\/\/anaimm.com\/wp-content\/uploads\/2020\/03\/15Segundos-1024x576.gif 1024w, https:\/\/anaimm.com\/wp-content\/uploads\/2020\/03\/15Segundos-768x432.gif 768w\" sizes=\"(max-width: 300px) 100vw, 300px\" \/><\/a> <a href=\"https:\/\/www.immunotec.com\/en-US\/ca418027\/products\/categories\/immune-support\"><img decoding=\"async\" class=\"alignnone wp-image-32 size-medium\" src=\"https:\/\/anaimm.com\/wp-content\/uploads\/2020\/03\/PPT-discoverImmunotec-300x169.jpg\" alt=\"\" width=\"300\" height=\"169\" srcset=\"https:\/\/anaimm.com\/wp-content\/uploads\/2020\/03\/PPT-discoverImmunotec-300x169.jpg 300w, https:\/\/anaimm.com\/wp-content\/uploads\/2020\/03\/PPT-discoverImmunotec-1024x576.jpg 1024w, https:\/\/anaimm.com\/wp-content\/uploads\/2020\/03\/PPT-discoverImmunotec-768x432.jpg 768w, https:\/\/anaimm.com\/wp-content\/uploads\/2020\/03\/PPT-discoverImmunotec.jpg 1280w\" sizes=\"(max-width: 300px) 100vw, 300px\" \/><\/a><\/p>\t\t\t\t\t\t\t\t<\/div>\n\t\t\t\t<\/div>\n\t\t\t\t<div class=\"elementor-element elementor-element-883df51 elementor-align-center elementor-widget elementor-widget-button\" data-id=\"883df51\" data-element_type=\"widget\" data-e-type=\"widget\" data-widget_type=\"button.default\">\n\t\t\t\t<div class=\"elementor-widget-container\">\n\t\t\t\t\t\t\t\t\t<div class=\"elementor-button-wrapper\">\n\t\t\t\t\t<a class=\"elementor-button elementor-button-link elementor-size-md\" href=\"https:\/\/www.immunotec.com\/en-US\/ca418027\/products\" target=\"_blank\">\n\t\t\t\t\t\t<span class=\"elementor-button-content-wrapper\">\n\t\t\t\t\t\t\t\t\t<span class=\"elementor-button-text\">order now<\/span>\n\t\t\t\t\t<\/span>\n\t\t\t\t\t<\/a>\n\t\t\t\t<\/div>\n\t\t\t\t\t\t\t\t<\/div>\n\t\t\t\t<\/div>\n\t\t\t\t\t<\/div>\n\t\t<\/div>\n\t\t\t\t\t<\/div>\n\t\t<\/section>\n\t\t\t\t\t<\/div>\n\t\t<\/div>\n\t\t\t\t\t<\/div>\n\t\t<\/section>\n\t\t\t\t<section class=\"elementor-section elementor-top-section elementor-element elementor-element-7c150a17 elementor-section-stretched elementor-section-boxed elementor-section-height-default elementor-section-height-default\" data-id=\"7c150a17\" data-element_type=\"section\" data-e-type=\"section\" data-settings=\"{&quot;background_background&quot;:&quot;slideshow&quot;,&quot;stretch_section&quot;:&quot;section-stretched&quot;,&quot;background_slideshow_gallery&quot;:[],&quot;background_slideshow_loop&quot;:&quot;yes&quot;,&quot;background_slideshow_slide_duration&quot;:5000,&quot;background_slideshow_slide_transition&quot;:&quot;fade&quot;,&quot;background_slideshow_transition_duration&quot;:500}\">\n\t\t\t\t\t\t<div class=\"elementor-container elementor-column-gap-default\">\n\t\t\t\t\t<div class=\"elementor-column elementor-col-100 elementor-top-column elementor-element elementor-element-45e02548\" data-id=\"45e02548\" data-element_type=\"column\" data-e-type=\"column\">\n\t\t\t<div class=\"elementor-widget-wrap elementor-element-populated\">\n\t\t\t\t\t\t<div class=\"elementor-element elementor-element-35e93d0a elementor-pagination-position-inside elementor-arrows-position-inside elementor-widget elementor-widget-image-carousel\" data-id=\"35e93d0a\" data-element_type=\"widget\" data-e-type=\"widget\" data-settings=\"{&quot;slides_to_show&quot;:&quot;3&quot;,&quot;slides_to_scroll&quot;:&quot;2&quot;,&quot;navigation&quot;:&quot;both&quot;,&quot;autoplay&quot;:&quot;yes&quot;,&quot;pause_on_hover&quot;:&quot;yes&quot;,&quot;pause_on_interaction&quot;:&quot;yes&quot;,&quot;autoplay_speed&quot;:5000,&quot;infinite&quot;:&quot;yes&quot;,&quot;speed&quot;:500}\" data-widget_type=\"image-carousel.default\">\n\t\t\t\t<div class=\"elementor-widget-container\">\n\t\t\t\t\t\t\t<div class=\"elementor-image-carousel-wrapper swiper\" role=\"region\" aria-roledescription=\"carousel\" aria-label=\"Image Carousel\" dir=\"ltr\">\n\t\t\t<div class=\"elementor-image-carousel swiper-wrapper\" aria-live=\"off\">\n\t\t\t\t\t\t\t\t<div class=\"swiper-slide\" role=\"group\" aria-roledescription=\"slide\" aria-label=\"1 of 1\"><a data-elementor-open-lightbox=\"yes\" data-elementor-lightbox-slideshow=\"35e93d0a\" data-elementor-lightbox-title=\"WhatsApp Image 2019-03-25 at 8.55.08 PM\" data-e-action-hash=\"#elementor-action%3Aaction%3Dlightbox%26settings%3DeyJpZCI6MTEsInVybCI6Imh0dHBzOlwvXC9hbmFpbW0uY29tXC93cC1jb250ZW50XC91cGxvYWRzXC8yMDIwXC8wM1wvV2hhdHNBcHAtSW1hZ2UtMjAxOS0wMy0yNS1hdC04LjU1LjA4LVBNLmpwZWciLCJzbGlkZXNob3ciOiIzNWU5M2QwYSJ9\" href=\"https:\/\/www.immunotec.com\/en-US\/ca418027\/products\"><figure class=\"swiper-slide-inner\"><img decoding=\"async\" class=\"swiper-slide-image\" src=\"https:\/\/anaimm.com\/wp-content\/uploads\/2020\/03\/WhatsApp-Image-2019-03-25-at-8.55.08-PM-768x432.jpeg\" alt=\"WhatsApp Image 2019-03-25 at 8.55.08 PM\" \/><\/figure><\/a><\/div>\t\t\t<\/div>\n\t\t\t\t\t<\/div>\n\t\t\t\t\t\t<\/div>\n\t\t\t\t<\/div>\n\t\t\t\t\t<\/div>\n\t\t<\/div>\n\t\t\t\t\t<\/div>\n\t\t<\/section>\n\t\t\t\t<section class=\"elementor-section elementor-top-section elementor-element elementor-element-50149a6f elementor-section-full_width elementor-section-stretched elementor-section-height-default elementor-section-height-default\" data-id=\"50149a6f\" data-element_type=\"section\" data-e-type=\"section\" data-settings=\"{&quot;background_background&quot;:&quot;classic&quot;,&quot;stretch_section&quot;:&quot;section-stretched&quot;}\">\n\t\t\t\t\t\t<div class=\"elementor-container elementor-column-gap-wide\">\n\t\t\t\t\t<div class=\"elementor-column elementor-col-100 elementor-top-column elementor-element elementor-element-7b2aba55\" data-id=\"7b2aba55\" data-element_type=\"column\" data-e-type=\"column\" data-settings=\"{&quot;background_background&quot;:&quot;classic&quot;}\">\n\t\t\t<div class=\"elementor-widget-wrap elementor-element-populated\">\n\t\t\t\t\t\t<div class=\"elementor-element elementor-element-68e728c8 elementor-widget elementor-widget-heading\" data-id=\"68e728c8\" data-element_type=\"widget\" data-e-type=\"widget\" data-widget_type=\"heading.default\">\n\t\t\t\t<div class=\"elementor-widget-container\">\n\t\t\t\t\t<h5 class=\"elementor-heading-title elementor-size-medium\"><a href=\"https:\/\/www.immunotec.com\/en-US\/ca418027\/sell-with-us\">welcome to a global opportunity-\nOportunidad global<\/a><\/h5>\t\t\t\t<\/div>\n\t\t\t\t<\/div>\n\t\t\t\t<div class=\"elementor-element elementor-element-3e357062 elementor-align-center elementor-widget elementor-widget-button\" data-id=\"3e357062\" data-element_type=\"widget\" data-e-type=\"widget\" data-widget_type=\"button.default\">\n\t\t\t\t<div class=\"elementor-widget-container\">\n\t\t\t\t\t\t\t\t\t<div class=\"elementor-button-wrapper\">\n\t\t\t\t\t<a class=\"elementor-button elementor-button-link elementor-size-sm\" href=\"https:\/\/www.immunotec.com\/en-US\/ca418027\/sell-with-us\">\n\t\t\t\t\t\t<span class=\"elementor-button-content-wrapper\">\n\t\t\t\t\t\t\t\t\t<span class=\"elementor-button-text\">read more<\/span>\n\t\t\t\t\t<\/span>\n\t\t\t\t\t<\/a>\n\t\t\t\t<\/div>\n\t\t\t\t\t\t\t\t<\/div>\n\t\t\t\t<\/div>\n\t\t\t\t\t<\/div>\n\t\t<\/div>\n\t\t\t\t\t<\/div>\n\t\t<\/section>\n\t\t\t\t<section class=\"elementor-section elementor-top-section elementor-element elementor-element-c4d8e8c elementor-section-boxed elementor-section-height-default elementor-section-height-default\" data-id=\"c4d8e8c\" data-element_type=\"section\" data-e-type=\"section\">\n\t\t\t\t\t\t<div class=\"elementor-container elementor-column-gap-default\">\n\t\t\t\t\t<div class=\"elementor-column elementor-col-100 elementor-top-column elementor-element elementor-element-d0e3f84\" data-id=\"d0e3f84\" data-element_type=\"column\" data-e-type=\"column\">\n\t\t\t<div class=\"elementor-widget-wrap elementor-element-populated\">\n\t\t\t\t\t\t<div class=\"elementor-element elementor-element-40cf6ea elementor-widget elementor-widget-wp-widget-qcf_widget\" data-id=\"40cf6ea\" data-element_type=\"widget\" data-e-type=\"widget\" data-widget_type=\"wp-widget-qcf_widget.default\">\n\t\t\t\t<div class=\"elementor-widget-container\">\n\t\t\t\t\t<div class=\"qcf-main qcf-style default\"><div id=\"none\"><div class=\"qcf-state qcf-ajax-loading qcf-style default\"><h2 class=\"validating\">Checking...<\/h2><\/div><div class=\"qcf-state qcf-ajax-error qcf-style default\"><div align=\"center\">Ouch! There was a server error.<br \/><a class=\"qcf-retry\">Retry &raquo;<\/a><\/div><\/div><div class=\"qcf-state qcf-sending qcf-style default\"><h2 class=\"sending\">Sending message...<\/h2><\/div><div class='qcf-state qcf-form-wrapper'>\r\t<h2 class=\"qcf-header\">Enquiry Form-Solicitud<\/h2>\r\t<p class=\"qcf-blurb\">Fill in the form below and we will be in touch soon-Llene la forma<\/p>\r\t<form class='qcf-form' action=\"\" method=\"POST\" enctype=\"multipart\/form-data\" id=\"qfc-form-default-1\">\r\t<input type='hidden' name='id' value='' \/>\r\t<input type=\"text\" id=\"qcf-form-field-id--1\" placeholder=\"Your Name-Nombre\" class=\"qcf-form-field\" name=\"qcfname1\" value=\"\">\r\t<input type=\"email\" id=\"qcf-form-field-id--2\" placeholder=\"Email-Correo\" class=\"qcf-form-field\" name=\"qcfname2\" value=\"\">\r\t<textarea id=\"qcf-form-field-id--4\" placeholder=\"Message-Mensaje\" class=\"qcf-form-field\" name=\"qcfname4\"><\/textarea>\r\t<p><input type=\"submit\" value=\"Send it!\" id=\"submit\" name=\"qcfsubmit\" \/><\/p><input type=\"hidden\" name=\"form_id\" value=\"69e0d63b116012\" \/><\/form><\/div>\r\t<div style=\"clear:both\"><\/div><\/div>\r\t<\/div>\r\t\t\t\t\t<\/div>\n\t\t\t\t<\/div>\n\t\t\t\t\t<\/div>\n\t\t<\/div>\n\t\t\t\t\t<\/div>\n\t\t<\/section>\n\t\t\t\t<\/div>\n\t\t","protected":false},"excerpt":{"rendered":"<p>Descubre immunotec Discovery immunotec Health, wellness, fitness, energy \u201cImmunocal es una fuente natural de ciste\u00edna, precursorade glutati\u00f3n, para el mantenimiento de un sistemainmunol\u00f3gico fuerte.\u201d*Declaraci\u00f3n aprobada por Health Canada Join Immunotec order now welcome to a global opportunity- Oportunidad global read more<\/p>\n","protected":false},"author":1,"featured_media":0,"parent":0,"menu_order":0,"comment_status":"closed","ping_status":"closed","template":"elementor_canvas","meta":{"footnotes":""},"class_list":["post-89","page","type-page","status-publish","hentry"],"_links":{"self":[{"href":"https:\/\/anaimm.com\/index.php?rest_route=\/wp\/v2\/pages\/89","targetHints":{"allow":["GET"]}}],"collection":[{"href":"https:\/\/anaimm.com\/index.php?rest_route=\/wp\/v2\/pages"}],"about":[{"href":"https:\/\/anaimm.com\/index.php?rest_route=\/wp\/v2\/types\/page"}],"author":[{"embeddable":true,"href":"https:\/\/anaimm.com\/index.php?rest_route=\/wp\/v2\/users\/1"}],"replies":[{"embeddable":true,"href":"https:\/\/anaimm.com\/index.php?rest_route=%2Fwp%2Fv2%2Fcomments&post=89"}],"version-history":[{"count":73,"href":"https:\/\/anaimm.com\/index.php?rest_route=\/wp\/v2\/pages\/89\/revisions"}],"predecessor-version":[{"id":6748,"href":"https:\/\/anaimm.com\/index.php?rest_route=\/wp\/v2\/pages\/89\/revisions\/6748"}],"wp:attachment":[{"href":"https:\/\/anaimm.com\/index.php?rest_route=%2Fwp%2Fv2%2Fmedia&parent=89"}],"curies":[{"name":"wp","href":"https:\/\/api.w.org\/{rel}","templated":true}]}}